{"id":52,"date":"2018-03-18T11:05:48","date_gmt":"2018-03-18T10:05:48","guid":{"rendered":"http:\/\/www.laksmanna.cz\/info\/?page_id=52"},"modified":"2025-09-17T18:59:26","modified_gmt":"2025-09-17T17:59:26","slug":"hlavni-stranka","status":"publish","type":"page","link":"https:\/\/www.laksmanna.cz\/info\/","title":{"rendered":"hlavn\u00ed str\u00e1nka"},"content":{"rendered":"\t\t<div data-elementor-type=\"wp-page\" data-elementor-id=\"52\" class=\"elementor elementor-52\">\n\t\t\t\t\t\t<section class=\"elementor-section elementor-top-section elementor-element elementor-element-9629b7b elementor-section-boxed elementor-section-height-default elementor-section-height-default\" data-id=\"9629b7b\" data-element_type=\"section\" data-e-type=\"section\" data-settings=\"{&quot;background_background&quot;:&quot;classic&quot;}\">\n\t\t\t\t\t\t\t<div class=\"elementor-background-overlay\"><\/div>\n\t\t\t\t\t\t\t<div class=\"elementor-container elementor-column-gap-default\">\n\t\t\t\t\t<div class=\"elementor-column elementor-col-100 elementor-top-column elementor-element elementor-element-cb07ad7\" data-id=\"cb07ad7\" data-element_type=\"column\" data-e-type=\"column\">\n\t\t\t<div class=\"elementor-widget-wrap elementor-element-populated\">\n\t\t\t\t\t\t<section class=\"elementor-section elementor-inner-section elementor-element elementor-element-c64f961 elementor-section-boxed elementor-section-height-default elementor-section-height-default\" data-id=\"c64f961\" data-element_type=\"section\" data-e-type=\"section\" data-settings=\"{&quot;background_background&quot;:&quot;classic&quot;}\">\n\t\t\t\t\t\t<div class=\"elementor-container elementor-column-gap-default\">\n\t\t\t\t\t<div class=\"elementor-column elementor-col-100 elementor-inner-column elementor-element elementor-element-ccdde26\" data-id=\"ccdde26\" data-element_type=\"column\" data-e-type=\"column\">\n\t\t\t<div class=\"elementor-widget-wrap elementor-element-populated\">\n\t\t\t\t\t\t<div class=\"elementor-element elementor-element-5902d0c elementor-widget elementor-widget-text-editor\" data-id=\"5902d0c\" data-element_type=\"widget\" data-e-type=\"widget\" data-widget_type=\"text-editor.default\">\n\t\t\t\t<div class=\"elementor-widget-container\">\n\t\t\t\t\t\t\t\t\t<p>\u00a0<\/p><p>\u00a0<\/p><p>\u00a0<\/p>\t\t\t\t\t\t\t\t<\/div>\n\t\t\t\t<\/div>\n\t\t\t\t<div class=\"elementor-element elementor-element-a205e92 elementor-widget elementor-widget-text-editor\" data-id=\"a205e92\" data-element_type=\"widget\" data-e-type=\"widget\" data-widget_type=\"text-editor.default\">\n\t\t\t\t<div class=\"elementor-widget-container\">\n\t\t\t\t\t\t\t\t\t<p style=\"text-align: center;\"><span style=\"caret-color: #147c06; color: #147c06; font-family: Roboto, sans-serif; font-size: 22px; font-style: normal; font-variant-caps: normal; text-align: center;\">V\u00edtejte na webov\u00fdch str\u00e1nk\u00e1ch firmy\u00a0<\/span><span style=\"font-variant-caps: normal; font-family: Roboto, sans-serif; font-size: 22px; font-style: normal; font-weight: 600; caret-color: #147c06; color: #147c06; text-align: center;\">Lak\u0161manna <\/span><span style=\"caret-color: #147c06; color: #147c06; font-family: Roboto, sans-serif; font-size: 22px; font-style: normal; font-variant-caps: normal; text-align: center;\"> s.r.o.<\/span><\/p>\n\n<h3 style=\"font-variant-caps: normal; font-family: Roboto, sans-serif; font-style: normal; text-align: center;\"><span style=\"font-size: 18px; font-weight: 600;\">&#8222;Pokrmy nech\u0165 jsou va\u0161imi l\u00e9ky a va\u0161e l\u00e9ky nech\u0165 jsou v pokrmech.&#8220;\u00a0<\/span><span lang=\"CS\" style=\"font-size: 18px;\">\u2013<\/span> Hippokrat\u00e9s.<\/h3>\n<div style=\"text-align: center;\"><\/div>\nStravu pros\u00edm objedn\u00e1vejte skrze stravovac\u00ed syst\u00e9m.\n<\/p>\n<p>\nOhledn\u011b objedn\u00e1v\u00e1n\u00ed\/odhla\u0161ov\u00e1n\u00ed d\u00edl\u010d\u00edch objedn\u00e1vek, zalo\u017een\u00ed\/deaktivace \u00fa\u010dtu, zapomenut\u00e9ho hesla apod. pros\u00edm pi\u0161te na e-mailovou adresu kuchyne@laksmanna.cz.\n<\/p>\n<p>\nPro informace ohledn\u011b \u00fa\u010dtov\u00e1n\u00ed pi\u0161te pros\u00edm na ucetni@laksmanna.cz\n<\/p>\n<p>\nV p\u0159\u00edpad\u011b z\u00e1jmu o spolupr\u00e1ci n\u00e1s pros\u00edm kontaktujte na lakosilova@laksmanna.cz, pop\u0159. volejte na tel. \u010d\u00edslo +420 602 855 448.\n<\/p>\n<p>\nD\u011bkujeme!\t\t\t\t\t\t\t\t<\/div>\n\t\t\t\t<\/div>\n\t\t\t\t\t<\/div>\n\t\t<\/div>\n\t\t\t\t\t<\/div>\n\t\t<\/section>\n\t\t\t\t\t<\/div>\n\t\t<\/div>\n\t\t\t\t\t<\/div>\n\t\t<\/section>\n\t\t\t\t<section class=\"elementor-section elementor-top-section elementor-element elementor-element-e101fb8 elementor-section-stretched elementor-section-full_width elementor-section-height-default elementor-section-height-default\" data-id=\"e101fb8\" data-element_type=\"section\" data-e-type=\"section\" data-settings=\"{&quot;stretch_section&quot;:&quot;section-stretched&quot;,&quot;background_background&quot;:&quot;classic&quot;}\">\n\t\t\t\t\t\t<div class=\"elementor-container elementor-column-gap-default\">\n\t\t\t\t\t<div class=\"elementor-column elementor-col-100 elementor-top-column elementor-element elementor-element-d0d3469\" data-id=\"d0d3469\" data-element_type=\"column\" data-e-type=\"column\">\n\t\t\t<div class=\"elementor-widget-wrap elementor-element-populated\">\n\t\t\t\t\t\t<div class=\"elementor-element elementor-element-0564eb6 elementor-invisible elementor-widget elementor-widget-text-editor\" data-id=\"0564eb6\" data-element_type=\"widget\" data-e-type=\"widget\" data-settings=\"{&quot;_animation&quot;:&quot;fadeInUp&quot;}\" data-widget_type=\"text-editor.default\">\n\t\t\t\t<div class=\"elementor-widget-container\">\n\t\t\t\t\t\t\t\t\t<p style=\"text-align: center;\"><strong>Lak\u0161manna s.r.o.<\/strong><\/p>\n<p style=\"text-align: center;\">tel.: 602 855 448<\/p>\n<p style=\"text-align: center;\"><a href=\"mailto:lakosilova@laksmanna.cz\">lakosilova \/zavinac\/ laksmanna.cz<\/a><\/p>\n<p style=\"text-align: center;\">Pod N\u00e1dra\u017e\u00edm 392, B\u00edlovice nad svitavou<\/p>\n<p style=\"text-align: center;\"><\/p>\t\t\t\t\t\t\t\t<\/div>\n\t\t\t\t<\/div>\n\t\t\t\t\t<\/div>\n\t\t<\/div>\n\t\t\t\t\t<\/div>\n\t\t<\/section>\n\t\t\t\t<\/div>\n\t\t","protected":false},"excerpt":{"rendered":"<p>\u00a0 \u00a0 \u00a0 V\u00edtejte na webov\u00fdch str\u00e1nk\u00e1ch firmy\u00a0Lak\u0161manna s.r.o. &#8222;Pokrmy nech\u0165 jsou va\u0161imi l\u00e9ky a va\u0161e l\u00e9ky nech\u0165 jsou v pokrmech.&#8220;\u00a0\u2013 Hippokrat\u00e9s. Stravu pros\u00edm objedn\u00e1vejte skrze stravovac\u00ed syst\u00e9m. Ohledn\u011b objedn\u00e1v\u00e1n\u00ed\/odhla\u0161ov\u00e1n\u00ed d\u00edl\u010d\u00edch objedn\u00e1vek, zalo\u017een\u00ed\/deaktivace \u00fa\u010dtu, zapomenut\u00e9ho hesla apod. pros\u00edm pi\u0161te na e-mailovou adresu kuchyne@laksmanna.cz. Pro informace ohledn\u011b \u00fa\u010dtov\u00e1n\u00ed pi\u0161te pros\u00edm na ucetni@laksmanna.cz V p\u0159\u00edpad\u011b z\u00e1jmu o [&hellip;]<\/p>\n","protected":false},"author":1,"featured_media":0,"parent":0,"menu_order":0,"comment_status":"closed","ping_status":"closed","template":"","meta":{"ocean_post_layout":"full-screen","ocean_both_sidebars_style":"","ocean_both_sidebars_content_width":0,"ocean_both_sidebars_sidebars_width":0,"ocean_sidebar":"0","ocean_second_sidebar":"0","ocean_disable_margins":"enable","ocean_add_body_class":"","ocean_shortcode_before_top_bar":"","ocean_shortcode_after_top_bar":"","ocean_shortcode_before_header":"","ocean_shortcode_after_header":"","ocean_has_shortcode":"","ocean_shortcode_after_title":"","ocean_shortcode_before_footer_widgets":"","ocean_shortcode_after_footer_widgets":"","ocean_shortcode_before_footer_bottom":"","ocean_shortcode_after_footer_bottom":"","ocean_display_top_bar":"default","ocean_display_header":"default","ocean_header_style":"","ocean_center_header_left_menu":"0","ocean_custom_header_template":"0","ocean_custom_logo":0,"ocean_custom_retina_logo":0,"ocean_custom_logo_max_width":0,"ocean_custom_logo_tablet_max_width":0,"ocean_custom_logo_mobile_max_width":0,"ocean_custom_logo_max_height":0,"ocean_custom_logo_tablet_max_height":0,"ocean_custom_logo_mobile_max_height":0,"ocean_header_custom_menu":"0","ocean_menu_typo_font_family":"0","ocean_menu_typo_font_subset":"","ocean_menu_typo_font_size":0,"ocean_menu_typo_font_size_tablet":0,"ocean_menu_typo_font_size_mobile":0,"ocean_menu_typo_font_size_unit":"px","ocean_menu_typo_font_weight":"","ocean_menu_typo_font_weight_tablet":"","ocean_menu_typo_font_weight_mobile":"","ocean_menu_typo_transform":"","ocean_menu_typo_transform_tablet":"","ocean_menu_typo_transform_mobile":"","ocean_menu_typo_line_height":0,"ocean_menu_typo_line_height_tablet":0,"ocean_menu_typo_line_height_mobile":0,"ocean_menu_typo_line_height_unit":"","ocean_menu_typo_spacing":0,"ocean_menu_typo_spacing_tablet":0,"ocean_menu_typo_spacing_mobile":0,"ocean_menu_typo_spacing_unit":"","ocean_menu_link_color":"","ocean_menu_link_color_hover":"","ocean_menu_link_color_active":"","ocean_menu_link_background":"","ocean_menu_link_hover_background":"","ocean_menu_link_active_background":"","ocean_menu_social_links_bg":"","ocean_menu_social_hover_links_bg":"","ocean_menu_social_links_color":"","ocean_menu_social_hover_links_color":"","ocean_disable_title":"on","ocean_disable_heading":"default","ocean_post_title":"","ocean_post_subheading":"","ocean_post_title_style":"","ocean_post_title_background_color":"","ocean_post_title_background":0,"ocean_post_title_bg_image_position":"","ocean_post_title_bg_image_attachment":"","ocean_post_title_bg_image_repeat":"","ocean_post_title_bg_image_size":"","ocean_post_title_height":0,"ocean_post_title_bg_overlay":0.5,"ocean_post_title_bg_overlay_color":"","ocean_disable_breadcrumbs":"on","ocean_breadcrumbs_color":"","ocean_breadcrumbs_separator_color":"","ocean_breadcrumbs_links_color":"","ocean_breadcrumbs_links_hover_color":"","ocean_display_footer_widgets":"off","ocean_display_footer_bottom":"off","ocean_custom_footer_template":"0","footnotes":""},"class_list":["post-52","page","type-page","status-publish","hentry","entry"],"_links":{"self":[{"href":"https:\/\/www.laksmanna.cz\/info\/wp-json\/wp\/v2\/pages\/52","targetHints":{"allow":["GET"]}}],"collection":[{"href":"https:\/\/www.laksmanna.cz\/info\/wp-json\/wp\/v2\/pages"}],"about":[{"href":"https:\/\/www.laksmanna.cz\/info\/wp-json\/wp\/v2\/types\/page"}],"author":[{"embeddable":true,"href":"https:\/\/www.laksmanna.cz\/info\/wp-json\/wp\/v2\/users\/1"}],"replies":[{"embeddable":true,"href":"https:\/\/www.laksmanna.cz\/info\/wp-json\/wp\/v2\/comments?post=52"}],"version-history":[{"count":348,"href":"https:\/\/www.laksmanna.cz\/info\/wp-json\/wp\/v2\/pages\/52\/revisions"}],"predecessor-version":[{"id":4564,"href":"https:\/\/www.laksmanna.cz\/info\/wp-json\/wp\/v2\/pages\/52\/revisions\/4564"}],"wp:attachment":[{"href":"https:\/\/www.laksmanna.cz\/info\/wp-json\/wp\/v2\/media?parent=52"}],"curies":[{"name":"wp","href":"https:\/\/api.w.org\/{rel}","templated":true}]}}